{"id":5791,"date":"2025-04-15T12:30:54","date_gmt":"2025-04-15T10:30:54","guid":{"rendered":"https:\/\/ludovikafesztival.uni-nke.hu\/hungarian-defence-force-programs-2025\/"},"modified":"2025-05-06T10:59:16","modified_gmt":"2025-05-06T08:59:16","slug":"hungarian-defence-force-programs-2025","status":"publish","type":"page","link":"https:\/\/ludovikafesztival.uni-nke.hu\/en\/hungarian-defence-force-programs-2025\/","title":{"rendered":"Hungarian Defence Force Programs 2025"},"content":{"rendered":"\t\t<div data-elementor-type=\"wp-page\" data-elementor-id=\"5791\" class=\"elementor elementor-5791 elementor-5517\" data-elementor-post-type=\"page\">\n\t\t\t\t\t\t<section class=\"has_ae_slider elementor-section elementor-top-section elementor-element elementor-element-63716e78 elementor-section-height-min-height elementor-section-boxed elementor-section-height-default elementor-section-items-middle ae-bg-gallery-type-default\" data-id=\"63716e78\" data-element_type=\"section\" data-e-type=\"section\" data-settings=\"{&quot;background_background&quot;:&quot;classic&quot;}\">\n\t\t\t\t\t\t<div class=\"elementor-container elementor-column-gap-no\">\n\t\t\t\t\t<div class=\"has_ae_slider elementor-column elementor-col-100 elementor-top-column elementor-element elementor-element-5931a787 ae-bg-gallery-type-default\" data-id=\"5931a787\" data-element_type=\"column\" data-e-type=\"column\">\n\t\t\t<div class=\"elementor-widget-wrap\">\n\t\t\t\t\t\t\t<\/div>\n\t\t<\/div>\n\t\t\t\t\t<\/div>\n\t\t<\/section>\n\t\t\t\t<section class=\"has_ae_slider elementor-section elementor-top-section elementor-element elementor-element-76a46a52 elementor-section-full_width elementor-section-height-default elementor-section-height-default ae-bg-gallery-type-default\" data-id=\"76a46a52\" data-element_type=\"section\" data-e-type=\"section\" data-settings=\"{&quot;background_background&quot;:&quot;classic&quot;}\">\n\t\t\t\t\t\t<div class=\"elementor-container elementor-column-gap-wider\">\n\t\t\t\t\t<div class=\"has_ae_slider elementor-column elementor-col-100 elementor-top-column elementor-element elementor-element-7d52d419 ae-bg-gallery-type-default\" data-id=\"7d52d419\" data-element_type=\"column\" data-e-type=\"column\">\n\t\t\t<div class=\"elementor-widget-wrap elementor-element-populated\">\n\t\t\t\t\t\t<div class=\"elementor-element elementor-element-25f29b13 elementor-widget elementor-widget-heading\" data-id=\"25f29b13\" data-element_type=\"widget\" data-e-type=\"widget\" data-widget_type=\"heading.default\">\n\t\t\t\t<div class=\"elementor-widget-container\">\n\t\t\t\t\t<div class=\"elementor-heading-title elementor-size-default\">Join us!<\/div>\t\t\t\t<\/div>\n\t\t\t\t<\/div>\n\t\t\t\t<div class=\"elementor-element elementor-element-49c53833 elementor-widget-divider--view-line elementor-widget elementor-widget-divider\" data-id=\"49c53833\" data-element_type=\"widget\" data-e-type=\"widget\" data-widget_type=\"divider.default\">\n\t\t\t\t<div class=\"elementor-widget-container\">\n\t\t\t\t\t\t\t<div class=\"elementor-divider\">\n\t\t\t<span class=\"elementor-divider-separator\">\n\t\t\t\t\t\t<\/span>\n\t\t<\/div>\n\t\t\t\t\t\t<\/div>\n\t\t\t\t<\/div>\n\t\t\t\t<div class=\"elementor-element elementor-element-a5baec3 elementor-widget elementor-widget-heading\" data-id=\"a5baec3\" data-element_type=\"widget\" data-e-type=\"widget\" data-widget_type=\"heading.default\">\n\t\t\t\t<div class=\"elementor-widget-container\">\n\t\t\t\t\t<div class=\"elementor-heading-title elementor-size-default\">Tanks, interactive demonstrations at the Ludovika Festival<\/div>\t\t\t\t<\/div>\n\t\t\t\t<\/div>\n\t\t\t\t\t<\/div>\n\t\t<\/div>\n\t\t\t\t\t<\/div>\n\t\t<\/section>\n\t\t\t\t<section class=\"has_ae_slider elementor-section elementor-top-section elementor-element elementor-element-48255567 elementor-section-boxed elementor-section-height-default elementor-section-height-default ae-bg-gallery-type-default\" data-id=\"48255567\" data-element_type=\"section\" data-e-type=\"section\" data-settings=\"{&quot;background_background&quot;:&quot;classic&quot;}\">\n\t\t\t\t\t\t<div class=\"elementor-container elementor-column-gap-default\">\n\t\t\t\t\t<div class=\"has_ae_slider elementor-column elementor-col-100 elementor-top-column elementor-element elementor-element-1f4faaf7 ae-bg-gallery-type-default\" data-id=\"1f4faaf7\" data-element_type=\"column\" data-e-type=\"column\">\n\t\t\t<div class=\"elementor-widget-wrap elementor-element-populated\">\n\t\t\t\t\t\t<div class=\"elementor-element elementor-element-59acaa9e elementor-widget elementor-widget-text-editor\" data-id=\"59acaa9e\" data-element_type=\"widget\" data-e-type=\"widget\" data-widget_type=\"text-editor.default\">\n\t\t\t\t<div class=\"elementor-widget-container\">\n\t\t\t\t\t\t\t\t\t<p>This year again, the Ludovika Festival welcomes visitors with outstanding military demonstrations from May 8 to 10. One of the key highlights of the event is the &#8220;100 Days Ceremony,&#8221; marking the final milestone before the ceremonial officer commissioning on August 20. Tanks and a wide range of exciting activities await both children and adults!<\/p>\n\t\t\t\t\t\t\t\t<\/div>\n\t\t\t\t<\/div>\n\t\t\t\t\t<\/div>\n\t\t<\/div>\n\t\t\t\t\t<\/div>\n\t\t<\/section>\n\t\t\t\t<section class=\"has_ae_slider elementor-section elementor-top-section elementor-element elementor-element-39b36002 elementor-section-height-min-height elementor-section-boxed elementor-section-height-default elementor-section-items-middle ae-bg-gallery-type-default\" data-id=\"39b36002\" data-element_type=\"section\" data-e-type=\"section\" data-settings=\"{&quot;background_background&quot;:&quot;classic&quot;}\">\n\t\t\t\t\t\t<div class=\"elementor-container elementor-column-gap-no\">\n\t\t\t\t\t<div class=\"has_ae_slider elementor-column elementor-col-100 elementor-top-column elementor-element elementor-element-5979ba2b ae-bg-gallery-type-default\" data-id=\"5979ba2b\" data-element_type=\"column\" data-e-type=\"column\">\n\t\t\t<div class=\"elementor-widget-wrap\">\n\t\t\t\t\t\t\t<\/div>\n\t\t<\/div>\n\t\t\t\t\t<\/div>\n\t\t<\/section>\n\t\t\t\t<section class=\"has_ae_slider elementor-section elementor-top-section elementor-element elementor-element-1b8da29f elementor-section-boxed elementor-section-height-default elementor-section-height-default ae-bg-gallery-type-default\" data-id=\"1b8da29f\" data-element_type=\"section\" data-e-type=\"section\" data-settings=\"{&quot;background_background&quot;:&quot;classic&quot;}\">\n\t\t\t\t\t\t<div class=\"elementor-container elementor-column-gap-default\">\n\t\t\t\t\t<div class=\"has_ae_slider elementor-column elementor-col-100 elementor-top-column elementor-element elementor-element-1e49f172 ae-bg-gallery-type-default\" data-id=\"1e49f172\" data-element_type=\"column\" data-e-type=\"column\">\n\t\t\t<div class=\"elementor-widget-wrap elementor-element-populated\">\n\t\t\t\t\t\t<div class=\"elementor-element elementor-element-46b5a33a elementor-widget elementor-widget-text-editor\" data-id=\"46b5a33a\" data-element_type=\"widget\" data-e-type=\"widget\" data-widget_type=\"text-editor.default\">\n\t\t\t\t<div class=\"elementor-widget-container\">\n\t\t\t\t\t\t\t\t\tIn addition to the law enforcement programs of the Family Day, the three-day festival will also feature both static and dynamic military demonstrations. Visitors can look forward to some real showstoppers \u2014 right on the Ludovika Campus, they\u2019ll have the opportunity to see up close such military vehicles as the Gidr\u00e1n multi-purpose armored vehicle, the Leopard 2A4HU tank, and the KF-41 Lynx infantry fighting vehicle. On May 10, there will also be tactical, hand-to-hand combat, and multiple K9 demonstrations.<br><br><b>Participants:<\/b><br><br>Hungarian Defence Forces Klapka Gy\u00f6rgy 1st Armoured Brigade<br>Military technology demo: Leopard 2A4HU tank, PzH 2000 self-propelled howitzer, Gidr\u00e1n armored vehicle<br><br>Hungarian Defence Forces Kinizsi P\u00e1l 30th Armored Infantry Brigade<br>Military technology demo: KF-41 Lynx infantry fighting vehicle<br><br>Hungarian Defence Forces vit\u00e9z Szurmay S\u00e1ndor Budapest Garrison Brigade<br>Military technology demo: BTR-80, T-72<br><br>Hungarian Defence Forces 1st Explosive Ordnance Disposal and River Flotilla Regiment<br>EOD demonstration with bomb disposal robot<br><br>Hungarian Defence Forces 1st vit\u00e9z Reviczky L\u00e1szl\u00f3 Territorial Defence Regiment<br>Recruitment booth operation<br><br>&nbsp;\t\t\t\t\t\t\t\t<\/div>\n\t\t\t\t<\/div>\n\t\t\t\t\t<\/div>\n\t\t<\/div>\n\t\t\t\t\t<\/div>\n\t\t<\/section>\n\t\t\t\t<section class=\"has_ae_slider elementor-section elementor-top-section elementor-element elementor-element-7b36ddce elementor-section-full_width elementor-section-height-default elementor-section-height-default ae-bg-gallery-type-default\" data-id=\"7b36ddce\" data-element_type=\"section\" data-e-type=\"section\" data-settings=\"{&quot;background_background&quot;:&quot;classic&quot;}\">\n\t\t\t\t\t\t<div class=\"elementor-container elementor-column-gap-wider\">\n\t\t\t\t\t<div class=\"has_ae_slider elementor-column elementor-col-100 elementor-top-column elementor-element elementor-element-5b69a841 ae-bg-gallery-type-default\" data-id=\"5b69a841\" data-element_type=\"column\" data-e-type=\"column\">\n\t\t\t<div class=\"elementor-widget-wrap elementor-element-populated\">\n\t\t\t\t\t\t<div class=\"elementor-element elementor-element-5cb4c183 elementor-widget elementor-widget-heading\" data-id=\"5cb4c183\" data-element_type=\"widget\" data-e-type=\"widget\" data-widget_type=\"heading.default\">\n\t\t\t\t<div class=\"elementor-widget-container\">\n\t\t\t\t\t<div class=\"elementor-heading-title elementor-size-default\">Map<\/div>\t\t\t\t<\/div>\n\t\t\t\t<\/div>\n\t\t\t\t\t<\/div>\n\t\t<\/div>\n\t\t\t\t\t<\/div>\n\t\t<\/section>\n\t\t\t\t<section class=\"has_ae_slider elementor-section elementor-top-section elementor-element elementor-element-19002058 elementor-section-full_width elementor-section-height-default elementor-section-height-default ae-bg-gallery-type-default\" data-id=\"19002058\" data-element_type=\"section\" data-e-type=\"section\">\n\t\t\t\t\t\t<div class=\"elementor-container elementor-column-gap-no\">\n\t\t\t\t\t<div class=\"has_ae_slider elementor-column elementor-col-100 elementor-top-column elementor-element elementor-element-48940c5c ae-bg-gallery-type-default\" data-id=\"48940c5c\" data-element_type=\"column\" data-e-type=\"column\">\n\t\t\t<div class=\"elementor-widget-wrap elementor-element-populated\">\n\t\t\t\t\t\t<div class=\"elementor-element elementor-element-bd8bf2b elementor-widget elementor-widget-image\" data-id=\"bd8bf2b\" data-element_type=\"widget\" data-e-type=\"widget\" data-widget_type=\"image.default\">\n\t\t\t\t<div class=\"elementor-widget-container\">\n\t\t\t\t\t\t\t\t\t\t\t\t\t\t\t<img fetchpriority=\"high\" decoding=\"async\" width=\"1877\" height=\"2560\" src=\"https:\/\/ludovikafesztival.uni-nke.hu\/wp-content\/uploads\/2025\/05\/Ludovika-Fesztival-terkep-honvedsegi-nap-25-scaled.jpg\" class=\"attachment-full size-full wp-image-6281\" alt=\"\" srcset=\"https:\/\/ludovikafesztival.uni-nke.hu\/wp-content\/uploads\/2025\/05\/Ludovika-Fesztival-terkep-honvedsegi-nap-25-scaled.jpg 1877w, https:\/\/ludovikafesztival.uni-nke.hu\/wp-content\/uploads\/2025\/05\/Ludovika-Fesztival-terkep-honvedsegi-nap-25-440x600.jpg 440w, https:\/\/ludovikafesztival.uni-nke.hu\/wp-content\/uploads\/2025\/05\/Ludovika-Fesztival-terkep-honvedsegi-nap-25-1502x2048.jpg 1502w, https:\/\/ludovikafesztival.uni-nke.hu\/wp-content\/uploads\/2025\/05\/Ludovika-Fesztival-terkep-honvedsegi-nap-25-768x1047.jpg 768w, https:\/\/ludovikafesztival.uni-nke.hu\/wp-content\/uploads\/2025\/05\/Ludovika-Fesztival-terkep-honvedsegi-nap-25-1126x1536.jpg 1126w\" sizes=\"(max-width: 1877px) 100vw, 1877px\" title=\"\">\t\t\t\t\t\t\t\t\t\t\t\t\t\t\t<\/div>\n\t\t\t\t<\/div>\n\t\t\t\t\t<\/div>\n\t\t<\/div>\n\t\t\t\t\t<\/div>\n\t\t<\/section>\n\t\t\t\t<\/div>\n\t\t","protected":false},"excerpt":{"rendered":"<p>Join us! Tanks, interactive demonstrations at the Ludovika Festival This year again, the Ludovika Festival welcomes visitors with outstanding military demonstrations from May 8 to 10. One of the key highlights of the event is the &#8220;100 Days Ceremony,&#8221; marking the final milestone before the ceremonial officer commissioning on August 20. Tanks and a wide [&hellip;]<\/p>\n","protected":false},"author":1,"featured_media":0,"parent":0,"menu_order":0,"comment_status":"closed","ping_status":"closed","template":"elementor_header_footer","meta":{"_acf_changed":false,"inline_featured_image":false,"footnotes":""},"hf_cat_page":[171],"class_list":["post-5791","page","type-page","status-publish","hentry"],"acf":[],"_links":{"self":[{"href":"https:\/\/ludovikafesztival.uni-nke.hu\/en\/wp-json\/wp\/v2\/pages\/5791","targetHints":{"allow":["GET"]}}],"collection":[{"href":"https:\/\/ludovikafesztival.uni-nke.hu\/en\/wp-json\/wp\/v2\/pages"}],"about":[{"href":"https:\/\/ludovikafesztival.uni-nke.hu\/en\/wp-json\/wp\/v2\/types\/page"}],"author":[{"embeddable":true,"href":"https:\/\/ludovikafesztival.uni-nke.hu\/en\/wp-json\/wp\/v2\/users\/1"}],"replies":[{"embeddable":true,"href":"https:\/\/ludovikafesztival.uni-nke.hu\/en\/wp-json\/wp\/v2\/comments?post=5791"}],"version-history":[{"count":5,"href":"https:\/\/ludovikafesztival.uni-nke.hu\/en\/wp-json\/wp\/v2\/pages\/5791\/revisions"}],"predecessor-version":[{"id":6285,"href":"https:\/\/ludovikafesztival.uni-nke.hu\/en\/wp-json\/wp\/v2\/pages\/5791\/revisions\/6285"}],"wp:attachment":[{"href":"https:\/\/ludovikafesztival.uni-nke.hu\/en\/wp-json\/wp\/v2\/media?parent=5791"}],"wp:term":[{"taxonomy":"hf_cat_page","embeddable":true,"href":"https:\/\/ludovikafesztival.uni-nke.hu\/en\/wp-json\/wp\/v2\/hf_cat_page?post=5791"}],"curies":[{"name":"wp","href":"https:\/\/api.w.org\/{rel}","templated":true}]}}