{"id":6993,"date":"2026-04-28T12:15:17","date_gmt":"2026-04-28T10:15:17","guid":{"rendered":"https:\/\/ludovikafesztival.uni-nke.hu\/hungarian-defence-force-programs-2026\/"},"modified":"2026-04-28T16:59:19","modified_gmt":"2026-04-28T14:59:19","slug":"hungarian-defence-force-programs-2026","status":"publish","type":"page","link":"https:\/\/ludovikafesztival.uni-nke.hu\/en\/hungarian-defence-force-programs-2026\/","title":{"rendered":"Hungarian Defence Force Programs 2026"},"content":{"rendered":"\t\t<div data-elementor-type=\"wp-page\" data-elementor-id=\"6993\" class=\"elementor elementor-6993 elementor-6991\" data-elementor-post-type=\"page\">\n\t\t\t\t\t\t<section class=\"has_ae_slider elementor-section elementor-top-section elementor-element elementor-element-63716e78 elementor-section-height-min-height elementor-section-boxed elementor-section-height-default elementor-section-items-middle ae-bg-gallery-type-default\" data-id=\"63716e78\" data-element_type=\"section\" data-e-type=\"section\" data-settings=\"{&quot;background_background&quot;:&quot;classic&quot;}\">\n\t\t\t\t\t\t<div class=\"elementor-container elementor-column-gap-no\">\n\t\t\t\t\t<div class=\"has_ae_slider elementor-column elementor-col-100 elementor-top-column elementor-element elementor-element-5931a787 ae-bg-gallery-type-default\" data-id=\"5931a787\" data-element_type=\"column\" data-e-type=\"column\">\n\t\t\t<div class=\"elementor-widget-wrap\">\n\t\t\t\t\t\t\t<\/div>\n\t\t<\/div>\n\t\t\t\t\t<\/div>\n\t\t<\/section>\n\t\t\t\t<section class=\"has_ae_slider elementor-section elementor-top-section elementor-element elementor-element-76a46a52 elementor-section-full_width elementor-section-height-default elementor-section-height-default ae-bg-gallery-type-default\" data-id=\"76a46a52\" data-element_type=\"section\" data-e-type=\"section\" data-settings=\"{&quot;background_background&quot;:&quot;classic&quot;}\">\n\t\t\t\t\t\t<div class=\"elementor-container elementor-column-gap-wider\">\n\t\t\t\t\t<div class=\"has_ae_slider elementor-column elementor-col-100 elementor-top-column elementor-element elementor-element-7d52d419 ae-bg-gallery-type-default\" data-id=\"7d52d419\" data-element_type=\"column\" data-e-type=\"column\">\n\t\t\t<div class=\"elementor-widget-wrap elementor-element-populated\">\n\t\t\t\t\t\t<div class=\"elementor-element elementor-element-25f29b13 elementor-widget elementor-widget-heading\" data-id=\"25f29b13\" data-element_type=\"widget\" data-e-type=\"widget\" data-widget_type=\"heading.default\">\n\t\t\t\t<div class=\"elementor-widget-container\">\n\t\t\t\t\t<div class=\"elementor-heading-title elementor-size-default\">Join us!<\/div>\t\t\t\t<\/div>\n\t\t\t\t<\/div>\n\t\t\t\t<div class=\"elementor-element elementor-element-49c53833 elementor-widget-divider--view-line elementor-widget elementor-widget-divider\" data-id=\"49c53833\" data-element_type=\"widget\" data-e-type=\"widget\" data-widget_type=\"divider.default\">\n\t\t\t\t<div class=\"elementor-widget-container\">\n\t\t\t\t\t\t\t<div class=\"elementor-divider\">\n\t\t\t<span class=\"elementor-divider-separator\">\n\t\t\t\t\t\t<\/span>\n\t\t<\/div>\n\t\t\t\t\t\t<\/div>\n\t\t\t\t<\/div>\n\t\t\t\t<div class=\"elementor-element elementor-element-a5baec3 elementor-widget elementor-widget-heading\" data-id=\"a5baec3\" data-element_type=\"widget\" data-e-type=\"widget\" data-widget_type=\"heading.default\">\n\t\t\t\t<div class=\"elementor-widget-container\">\n\t\t\t\t\t<div class=\"elementor-heading-title elementor-size-default\">Tanks, interactive demonstrations at the Ludovika Festival<\/div>\t\t\t\t<\/div>\n\t\t\t\t<\/div>\n\t\t\t\t\t<\/div>\n\t\t<\/div>\n\t\t\t\t\t<\/div>\n\t\t<\/section>\n\t\t\t\t<section class=\"has_ae_slider elementor-section elementor-top-section elementor-element elementor-element-48255567 elementor-section-boxed elementor-section-height-default elementor-section-height-default ae-bg-gallery-type-default\" data-id=\"48255567\" data-element_type=\"section\" data-e-type=\"section\" data-settings=\"{&quot;background_background&quot;:&quot;classic&quot;}\">\n\t\t\t\t\t\t<div class=\"elementor-container elementor-column-gap-default\">\n\t\t\t\t\t<div class=\"has_ae_slider elementor-column elementor-col-100 elementor-top-column elementor-element elementor-element-1f4faaf7 ae-bg-gallery-type-default\" data-id=\"1f4faaf7\" data-element_type=\"column\" data-e-type=\"column\">\n\t\t\t<div class=\"elementor-widget-wrap elementor-element-populated\">\n\t\t\t\t\t\t<div class=\"elementor-element elementor-element-59acaa9e elementor-widget elementor-widget-text-editor\" data-id=\"59acaa9e\" data-element_type=\"widget\" data-e-type=\"widget\" data-widget_type=\"text-editor.default\">\n\t\t\t\t<div class=\"elementor-widget-container\">\n\t\t\t\t\t\t\t\t\t<p>This year again, the Ludovika Festival welcomes visitors with an outstanding Hungarian Defence Forces showcase between May 7 and 9. One of the key highlights of the event is the \u201c100 Days\u201d ceremony, which marks the final milestone before the ceremonial commissioning of officers on August 20.<br \/>A wide range of exciting programs awaits both children and adults alike!<\/p>\n\t\t\t\t\t\t\t\t<\/div>\n\t\t\t\t<\/div>\n\t\t\t\t\t<\/div>\n\t\t<\/div>\n\t\t\t\t\t<\/div>\n\t\t<\/section>\n\t\t\t\t<section class=\"has_ae_slider elementor-section elementor-top-section elementor-element elementor-element-39b36002 elementor-section-height-min-height elementor-section-boxed elementor-section-height-default elementor-section-items-middle ae-bg-gallery-type-default\" data-id=\"39b36002\" data-element_type=\"section\" data-e-type=\"section\" data-settings=\"{&quot;background_background&quot;:&quot;classic&quot;}\">\n\t\t\t\t\t\t<div class=\"elementor-container elementor-column-gap-no\">\n\t\t\t\t\t<div class=\"has_ae_slider elementor-column elementor-col-100 elementor-top-column elementor-element elementor-element-5979ba2b ae-bg-gallery-type-default\" data-id=\"5979ba2b\" data-element_type=\"column\" data-e-type=\"column\">\n\t\t\t<div class=\"elementor-widget-wrap\">\n\t\t\t\t\t\t\t<\/div>\n\t\t<\/div>\n\t\t\t\t\t<\/div>\n\t\t<\/section>\n\t\t\t\t<section class=\"has_ae_slider elementor-section elementor-top-section elementor-element elementor-element-1b8da29f elementor-section-boxed elementor-section-height-default elementor-section-height-default ae-bg-gallery-type-default\" data-id=\"1b8da29f\" data-element_type=\"section\" data-e-type=\"section\" data-settings=\"{&quot;background_background&quot;:&quot;classic&quot;}\">\n\t\t\t\t\t\t<div class=\"elementor-container elementor-column-gap-default\">\n\t\t\t\t\t<div class=\"has_ae_slider elementor-column elementor-col-100 elementor-top-column elementor-element elementor-element-1e49f172 ae-bg-gallery-type-default\" data-id=\"1e49f172\" data-element_type=\"column\" data-e-type=\"column\">\n\t\t\t<div class=\"elementor-widget-wrap elementor-element-populated\">\n\t\t\t\t\t\t<div class=\"elementor-element elementor-element-46b5a33a elementor-widget elementor-widget-text-editor\" data-id=\"46b5a33a\" data-element_type=\"widget\" data-e-type=\"widget\" data-widget_type=\"text-editor.default\">\n\t\t\t\t<div class=\"elementor-widget-container\">\n\t\t\t\t\t\t\t\t\t<p>In addition to the law enforcement programs of the Family Day, military demonstrations will also add color to the festival.<\/p>\n<p><strong>Featured participants:<\/strong><\/p>\n<ul>\n<li>Hungarian Special Forces Heritage Association \u2013 Long-range reconnaissance exhibition<\/li>\n<li>HM CURRUS G\u00f6d\u00f6ll\u0151 Armoured Vehicle Technology Ltd. \u2013 URAL 4320 truck<\/li>\n<li>HM Zr\u00ednyi Nonprofit Ltd. \u2013 Media truck, publishing house<\/li>\n<li>Hungarian Defence Forces Special Operations Command \u2013 Weapons technology demonstration, bulletproof vests, special camouflage clothing, Polaris MZR4, Polaris XP 1000S<\/li>\n<li>Hungarian Defence Forces Cyber and Information Operations Centre \u2013 CIMIC in full gear, PSYOPS vehicle<\/li>\n<\/ul>\n\t\t\t\t\t\t\t\t<\/div>\n\t\t\t\t<\/div>\n\t\t\t\t\t<\/div>\n\t\t<\/div>\n\t\t\t\t\t<\/div>\n\t\t<\/section>\n\t\t\t\t<section class=\"has_ae_slider elementor-section elementor-top-section elementor-element elementor-element-7b36ddce elementor-section-full_width elementor-section-height-default elementor-section-height-default ae-bg-gallery-type-default\" data-id=\"7b36ddce\" data-element_type=\"section\" data-e-type=\"section\" data-settings=\"{&quot;background_background&quot;:&quot;classic&quot;}\">\n\t\t\t\t\t\t<div class=\"elementor-container elementor-column-gap-wider\">\n\t\t\t\t\t<div class=\"has_ae_slider elementor-column elementor-col-100 elementor-top-column elementor-element elementor-element-5b69a841 ae-bg-gallery-type-default\" data-id=\"5b69a841\" data-element_type=\"column\" data-e-type=\"column\">\n\t\t\t<div class=\"elementor-widget-wrap elementor-element-populated\">\n\t\t\t\t\t\t<div class=\"elementor-element elementor-element-5cb4c183 elementor-widget elementor-widget-heading\" data-id=\"5cb4c183\" data-element_type=\"widget\" data-e-type=\"widget\" data-widget_type=\"heading.default\">\n\t\t\t\t<div class=\"elementor-widget-container\">\n\t\t\t\t\t<div class=\"elementor-heading-title elementor-size-default\">Map<\/div>\t\t\t\t<\/div>\n\t\t\t\t<\/div>\n\t\t\t\t\t<\/div>\n\t\t<\/div>\n\t\t\t\t\t<\/div>\n\t\t<\/section>\n\t\t\t\t<section class=\"has_ae_slider elementor-section elementor-top-section elementor-element elementor-element-19002058 elementor-section-full_width elementor-section-height-default elementor-section-height-default ae-bg-gallery-type-default\" data-id=\"19002058\" data-element_type=\"section\" data-e-type=\"section\">\n\t\t\t\t\t\t<div class=\"elementor-container elementor-column-gap-no\">\n\t\t\t\t\t<div class=\"has_ae_slider elementor-column elementor-col-100 elementor-top-column elementor-element elementor-element-48940c5c ae-bg-gallery-type-default\" data-id=\"48940c5c\" data-element_type=\"column\" data-e-type=\"column\">\n\t\t\t<div class=\"elementor-widget-wrap elementor-element-populated\">\n\t\t\t\t\t\t<div class=\"elementor-element elementor-element-bd8bf2b elementor-widget elementor-widget-image\" data-id=\"bd8bf2b\" data-element_type=\"widget\" data-e-type=\"widget\" data-widget_type=\"image.default\">\n\t\t\t\t<div class=\"elementor-widget-container\">\n\t\t\t\t\t\t\t\t\t\t\t\t\t\t\t<img fetchpriority=\"high\" decoding=\"async\" width=\"1877\" height=\"2560\" src=\"https:\/\/ludovikafesztival.uni-nke.hu\/wp-content\/uploads\/2025\/05\/Ludovika-Fesztival-terkep-honvedsegi-nap-25-scaled.jpg\" class=\"attachment-full size-full wp-image-6281\" alt=\"\" srcset=\"https:\/\/ludovikafesztival.uni-nke.hu\/wp-content\/uploads\/2025\/05\/Ludovika-Fesztival-terkep-honvedsegi-nap-25-scaled.jpg 1877w, https:\/\/ludovikafesztival.uni-nke.hu\/wp-content\/uploads\/2025\/05\/Ludovika-Fesztival-terkep-honvedsegi-nap-25-440x600.jpg 440w, https:\/\/ludovikafesztival.uni-nke.hu\/wp-content\/uploads\/2025\/05\/Ludovika-Fesztival-terkep-honvedsegi-nap-25-1502x2048.jpg 1502w, https:\/\/ludovikafesztival.uni-nke.hu\/wp-content\/uploads\/2025\/05\/Ludovika-Fesztival-terkep-honvedsegi-nap-25-768x1047.jpg 768w, https:\/\/ludovikafesztival.uni-nke.hu\/wp-content\/uploads\/2025\/05\/Ludovika-Fesztival-terkep-honvedsegi-nap-25-1126x1536.jpg 1126w\" sizes=\"(max-width: 1877px) 100vw, 1877px\" title=\"\">\t\t\t\t\t\t\t\t\t\t\t\t\t\t\t<\/div>\n\t\t\t\t<\/div>\n\t\t\t\t\t<\/div>\n\t\t<\/div>\n\t\t\t\t\t<\/div>\n\t\t<\/section>\n\t\t\t\t<\/div>\n\t\t","protected":false},"excerpt":{"rendered":"<p>Join us! Tanks, interactive demonstrations at the Ludovika Festival This year again, the Ludovika Festival welcomes visitors with an outstanding Hungarian Defence Forces showcase between May 7 and 9. One of the key highlights of the event is the \u201c100 Days\u201d ceremony, which marks the final milestone before the ceremonial commissioning of officers on August [&hellip;]<\/p>\n","protected":false},"author":1,"featured_media":0,"parent":0,"menu_order":0,"comment_status":"closed","ping_status":"closed","template":"elementor_header_footer","meta":{"_acf_changed":false,"inline_featured_image":false,"footnotes":""},"hf_cat_page":[189],"class_list":["post-6993","page","type-page","status-publish","hentry"],"acf":[],"_links":{"self":[{"href":"https:\/\/ludovikafesztival.uni-nke.hu\/en\/wp-json\/wp\/v2\/pages\/6993","targetHints":{"allow":["GET"]}}],"collection":[{"href":"https:\/\/ludovikafesztival.uni-nke.hu\/en\/wp-json\/wp\/v2\/pages"}],"about":[{"href":"https:\/\/ludovikafesztival.uni-nke.hu\/en\/wp-json\/wp\/v2\/types\/page"}],"author":[{"embeddable":true,"href":"https:\/\/ludovikafesztival.uni-nke.hu\/en\/wp-json\/wp\/v2\/users\/1"}],"replies":[{"embeddable":true,"href":"https:\/\/ludovikafesztival.uni-nke.hu\/en\/wp-json\/wp\/v2\/comments?post=6993"}],"version-history":[{"count":4,"href":"https:\/\/ludovikafesztival.uni-nke.hu\/en\/wp-json\/wp\/v2\/pages\/6993\/revisions"}],"predecessor-version":[{"id":7033,"href":"https:\/\/ludovikafesztival.uni-nke.hu\/en\/wp-json\/wp\/v2\/pages\/6993\/revisions\/7033"}],"wp:attachment":[{"href":"https:\/\/ludovikafesztival.uni-nke.hu\/en\/wp-json\/wp\/v2\/media?parent=6993"}],"wp:term":[{"taxonomy":"hf_cat_page","embeddable":true,"href":"https:\/\/ludovikafesztival.uni-nke.hu\/en\/wp-json\/wp\/v2\/hf_cat_page?post=6993"}],"curies":[{"name":"wp","href":"https:\/\/api.w.org\/{rel}","templated":true}]}}