{"id":981,"date":"2022-04-11T09:35:19","date_gmt":"2022-04-11T09:35:19","guid":{"rendered":"https:\/\/ludovikafesztival.uni-nke.hu\/?page_id=981"},"modified":"2024-04-03T17:22:57","modified_gmt":"2024-04-03T15:22:57","slug":"jegyvasarlas","status":"publish","type":"page","link":"https:\/\/ludovikafesztival.uni-nke.hu\/en\/jegyvasarlas\/","title":{"rendered":"Jegyv\u00e1s\u00e1rl\u00e1s"},"content":{"rendered":"\t\t<div data-elementor-type=\"wp-page\" data-elementor-id=\"981\" class=\"elementor elementor-981\" data-elementor-post-type=\"page\">\n\t\t\t\t\t\t<section class=\"has_ae_slider elementor-section elementor-top-section elementor-element elementor-element-c385adc elementor-section-height-min-height elementor-section-boxed elementor-section-height-default elementor-section-items-middle ae-bg-gallery-type-default\" data-id=\"c385adc\" data-element_type=\"section\" data-e-type=\"section\" data-settings=\"{&quot;background_background&quot;:&quot;classic&quot;}\">\n\t\t\t\t\t\t<div class=\"elementor-container elementor-column-gap-no\">\n\t\t\t\t\t<div class=\"has_ae_slider elementor-column elementor-col-100 elementor-top-column elementor-element elementor-element-f62fa5c ae-bg-gallery-type-default\" data-id=\"f62fa5c\" data-element_type=\"column\" data-e-type=\"column\">\n\t\t\t<div class=\"elementor-widget-wrap\">\n\t\t\t\t\t\t\t<\/div>\n\t\t<\/div>\n\t\t\t\t\t<\/div>\n\t\t<\/section>\n\t\t\t\t<section class=\"has_ae_slider elementor-section elementor-top-section elementor-element elementor-element-fe858f5 elementor-section-height-min-height elementor-section-boxed elementor-section-height-default elementor-section-items-middle ae-bg-gallery-type-default\" data-id=\"fe858f5\" data-element_type=\"section\" data-e-type=\"section\" data-settings=\"{&quot;background_background&quot;:&quot;classic&quot;}\">\n\t\t\t\t\t\t<div class=\"elementor-container elementor-column-gap-default\">\n\t\t\t\t\t<div class=\"has_ae_slider elementor-column elementor-col-100 elementor-top-column elementor-element elementor-element-625772e ae-bg-gallery-type-default\" data-id=\"625772e\" data-element_type=\"column\" data-e-type=\"column\">\n\t\t\t<div class=\"elementor-widget-wrap elementor-element-populated\">\n\t\t\t\t\t\t<div class=\"elementor-element elementor-element-612053f elementor-widget elementor-widget-heading\" data-id=\"612053f\" data-element_type=\"widget\" data-e-type=\"widget\" data-widget_type=\"heading.default\">\n\t\t\t\t<div class=\"elementor-widget-container\">\n\t\t\t\t\t<h2 class=\"elementor-heading-title elementor-size-default\">JEGY\u00c1RAK<\/h2>\t\t\t\t<\/div>\n\t\t\t\t<\/div>\n\t\t\t\t<div class=\"elementor-element elementor-element-7de6c0f elementor-widget-divider--view-line elementor-widget elementor-widget-divider\" data-id=\"7de6c0f\" data-element_type=\"widget\" data-e-type=\"widget\" data-widget_type=\"divider.default\">\n\t\t\t\t<div class=\"elementor-widget-container\">\n\t\t\t\t\t\t\t<div class=\"elementor-divider\">\n\t\t\t<span class=\"elementor-divider-separator\">\n\t\t\t\t\t\t<\/span>\n\t\t<\/div>\n\t\t\t\t\t\t<\/div>\n\t\t\t\t<\/div>\n\t\t\t\t<div class=\"elementor-element elementor-element-03970ed elementor-widget elementor-widget-text-editor\" data-id=\"03970ed\" data-element_type=\"widget\" data-e-type=\"widget\" data-widget_type=\"text-editor.default\">\n\t\t\t\t<div class=\"elementor-widget-container\">\n\t\t\t\t\t\t\t\t\t<p>M\u00e1jus 5-\u00e9n \u00e9s 6-\u00e1n az esti koncertek bel\u00e9p\u0151jeggyel l\u00e1togathat\u00f3k.<\/p><p>M\u00e1jus 6-\u00e1n a Ludovika Szabadegyetem, valamint a 7-ei eg\u00e9sz napos csal\u00e1di programokon a r\u00e9szv\u00e9tel ingyenes!<\/p><p>M\u00e1jus 4-\u00e9n \u00e9jf\u00e9lig megv\u00e1ltott napijegyek \u00e1ra 2500 Ft, a k\u00e9tnapos b\u00e9rlet \u00e1ra 4000 Ft.<\/p><p>M\u00e1jus 5-6-\u00e1n online vagy helysz\u00ednen megv\u00e1ltott napijegy \u00e1ra 3900 Ft, a k\u00e9tnapos b\u00e9rlet \u00e1ra 7000 Ft.<\/p><p>Jegyv\u00e1s\u00e1rl\u00e1s\u00e9rt kattints <span style=\"text-decoration: underline;\"><a href=\"https:\/\/www.jegy.hu\/programseries\/ludovika-fesztival-2022-155\" target=\"_blank\" rel=\"noopener\">ide<\/a><\/span>!<\/p>\t\t\t\t\t\t\t\t<\/div>\n\t\t\t\t<\/div>\n\t\t\t\t<div class=\"elementor-element elementor-element-91110a5 elementor-widget elementor-widget-image\" data-id=\"91110a5\" data-element_type=\"widget\" data-e-type=\"widget\" data-widget_type=\"image.default\">\n\t\t\t\t<div class=\"elementor-widget-container\">\n\t\t\t\t\t\t\t\t\t\t\t\t\t\t\t<img fetchpriority=\"high\" decoding=\"async\" width=\"800\" height=\"471\" src=\"https:\/\/ludovikafesztival.uni-nke.hu\/wp-content\/uploads\/2022\/04\/Ludovika-Fesztival_1080x636-2048x1206.jpg\" class=\"attachment-large size-large wp-image-1089\" alt=\"\" srcset=\"https:\/\/ludovikafesztival.uni-nke.hu\/wp-content\/uploads\/2022\/04\/Ludovika-Fesztival_1080x636-2048x1206.jpg 2048w, https:\/\/ludovikafesztival.uni-nke.hu\/wp-content\/uploads\/2022\/04\/Ludovika-Fesztival_1080x636-600x353.jpg 600w, https:\/\/ludovikafesztival.uni-nke.hu\/wp-content\/uploads\/2022\/04\/Ludovika-Fesztival_1080x636-768x452.jpg 768w, https:\/\/ludovikafesztival.uni-nke.hu\/wp-content\/uploads\/2022\/04\/Ludovika-Fesztival_1080x636-1536x905.jpg 1536w\" sizes=\"(max-width: 800px) 100vw, 800px\" title=\"\">\t\t\t\t\t\t\t\t\t\t\t\t\t\t\t<\/div>\n\t\t\t\t<\/div>\n\t\t\t\t\t<\/div>\n\t\t<\/div>\n\t\t\t\t\t<\/div>\n\t\t<\/section>\n\t\t\t\t<section class=\"has_ae_slider elementor-section elementor-top-section elementor-element elementor-element-e33e878 elementor-section-height-min-height elementor-section-boxed elementor-section-height-default elementor-section-items-middle ae-bg-gallery-type-default\" data-id=\"e33e878\" data-element_type=\"section\" data-e-type=\"section\" data-settings=\"{&quot;background_background&quot;:&quot;classic&quot;}\">\n\t\t\t\t\t\t<div class=\"elementor-container elementor-column-gap-default\">\n\t\t\t\t\t<div class=\"has_ae_slider elementor-column elementor-col-100 elementor-top-column elementor-element elementor-element-49f1426 ae-bg-gallery-type-default\" data-id=\"49f1426\" data-element_type=\"column\" data-e-type=\"column\">\n\t\t\t<div class=\"elementor-widget-wrap elementor-element-populated\">\n\t\t\t\t\t\t<div class=\"elementor-element elementor-element-2413ec7 elementor-widget elementor-widget-heading\" data-id=\"2413ec7\" data-element_type=\"widget\" data-e-type=\"widget\" data-widget_type=\"heading.default\">\n\t\t\t\t<div class=\"elementor-widget-container\">\n\t\t\t\t\t<h2 class=\"elementor-heading-title elementor-size-default\">NKE-S HALLGAT\u00d3K FIGYELEM!<\/h2>\t\t\t\t<\/div>\n\t\t\t\t<\/div>\n\t\t\t\t<div class=\"elementor-element elementor-element-38374ca elementor-widget-divider--view-line elementor-widget elementor-widget-divider\" data-id=\"38374ca\" data-element_type=\"widget\" data-e-type=\"widget\" data-widget_type=\"divider.default\">\n\t\t\t\t<div class=\"elementor-widget-container\">\n\t\t\t\t\t\t\t<div class=\"elementor-divider\">\n\t\t\t<span class=\"elementor-divider-separator\">\n\t\t\t\t\t\t<\/span>\n\t\t<\/div>\n\t\t\t\t\t\t<\/div>\n\t\t\t\t<\/div>\n\t\t\t\t<div class=\"elementor-element elementor-element-0046543 elementor-widget elementor-widget-text-editor\" data-id=\"0046543\" data-element_type=\"widget\" data-e-type=\"widget\" data-widget_type=\"text-editor.default\">\n\t\t\t\t<div class=\"elementor-widget-container\">\n\t\t\t\t\t\t\t\t\t<p>A m\u00e1jus 5-6 i zenei programokon, tov\u00e1bb\u00e1 a m\u00e1jus 6-i Ludovika Szabadegyetem el\u0151ad\u00e1sain t\u00f6rt\u00e9n\u0151 r\u00e9szv\u00e9tel koll\u00e9giumi pontszerz\u0151 esem\u00e9nyk\u00e9nt elsz\u00e1molhat\u00f3k.<\/p><p>Ne felejts el regisztr\u00e1lni!<\/p><p>A zenei programok pontszerz\u0151 regisztr\u00e1ci\u00f3j\u00e1\u00e9rt kattints <span style=\"text-decoration: underline;\"><a href=\"https:\/\/ludevent.uni-nke.hu\/category\/295\/\">ide<\/a><\/span>!<\/p><p>A Ludovika Szabadegyetem regisztr\u00e1ci\u00f3j\u00e1\u00e9rt pedig <a href=\"https:\/\/ludevent.uni-nke.hu\/category\/296\/\"><span style=\"text-decoration: underline;\">ide<\/span><\/a>!<\/p>\t\t\t\t\t\t\t\t<\/div>\n\t\t\t\t<\/div>\n\t\t\t\t\t<\/div>\n\t\t<\/div>\n\t\t\t\t\t<\/div>\n\t\t<\/section>\n\t\t\t\t<\/div>\n\t\t","protected":false},"excerpt":{"rendered":"<p>JEGY\u00c1RAK M\u00e1jus 5-\u00e9n \u00e9s 6-\u00e1n az esti koncertek bel\u00e9p\u0151jeggyel l\u00e1togathat\u00f3k. M\u00e1jus 6-\u00e1n a Ludovika Szabadegyetem, valamint a 7-ei eg\u00e9sz napos csal\u00e1di programokon a r\u00e9szv\u00e9tel ingyenes! M\u00e1jus 4-\u00e9n \u00e9jf\u00e9lig megv\u00e1ltott napijegyek \u00e1ra 2500 Ft, a k\u00e9tnapos b\u00e9rlet \u00e1ra 4000 Ft. M\u00e1jus 5-6-\u00e1n online vagy helysz\u00ednen megv\u00e1ltott napijegy \u00e1ra 3900 Ft, a k\u00e9tnapos b\u00e9rlet \u00e1ra 7000 Ft. [&hellip;]<\/p>\n","protected":false},"author":5,"featured_media":0,"parent":0,"menu_order":0,"comment_status":"closed","ping_status":"closed","template":"elementor_header_footer","meta":{"_acf_changed":false,"inline_featured_image":false,"footnotes":""},"hf_cat_page":[180],"class_list":["post-981","page","type-page","status-publish","hentry"],"acf":[],"_links":{"self":[{"href":"https:\/\/ludovikafesztival.uni-nke.hu\/en\/wp-json\/wp\/v2\/pages\/981","targetHints":{"allow":["GET"]}}],"collection":[{"href":"https:\/\/ludovikafesztival.uni-nke.hu\/en\/wp-json\/wp\/v2\/pages"}],"about":[{"href":"https:\/\/ludovikafesztival.uni-nke.hu\/en\/wp-json\/wp\/v2\/types\/page"}],"author":[{"embeddable":true,"href":"https:\/\/ludovikafesztival.uni-nke.hu\/en\/wp-json\/wp\/v2\/users\/5"}],"replies":[{"embeddable":true,"href":"https:\/\/ludovikafesztival.uni-nke.hu\/en\/wp-json\/wp\/v2\/comments?post=981"}],"version-history":[{"count":59,"href":"https:\/\/ludovikafesztival.uni-nke.hu\/en\/wp-json\/wp\/v2\/pages\/981\/revisions"}],"predecessor-version":[{"id":1190,"href":"https:\/\/ludovikafesztival.uni-nke.hu\/en\/wp-json\/wp\/v2\/pages\/981\/revisions\/1190"}],"wp:attachment":[{"href":"https:\/\/ludovikafesztival.uni-nke.hu\/en\/wp-json\/wp\/v2\/media?parent=981"}],"wp:term":[{"taxonomy":"hf_cat_page","embeddable":true,"href":"https:\/\/ludovikafesztival.uni-nke.hu\/en\/wp-json\/wp\/v2\/hf_cat_page?post=981"}],"curies":[{"name":"wp","href":"https:\/\/api.w.org\/{rel}","templated":true}]}}